{"id":1201,"date":"2026-04-28T12:43:09","date_gmt":"2026-04-28T12:43:09","guid":{"rendered":"https:\/\/niraquiropractica.com\/?page_id=1201"},"modified":"2026-04-28T12:45:21","modified_gmt":"2026-04-28T12:45:21","slug":"politica-de-privacidad","status":"publish","type":"page","link":"https:\/\/niraquiropractica.com\/ca\/politica-de-privacidad\/","title":{"rendered":"Pol\u00edtica de privacitat"},"content":{"rendered":"<style>.elementor-1201 .elementor-element.elementor-element-ccdad47{--display:flex;--margin-top:0%;--margin-bottom:4%;--margin-left:0%;--margin-right:0%;}.elementor-1201 .elementor-element.elementor-element-b9e95fd .elementor-heading-title{font-size:37px;}.elementor-1201 .elementor-element.elementor-element-b9e95fd{margin:4% 0% calc(var(--kit-widget-spacing, 0px) + 0%) 0%;}<\/style>\t\t<div data-elementor-type=\"wp-page\" data-elementor-id=\"1201\" class=\"elementor elementor-1201\" data-elementor-post-type=\"page\">\n\t\t\t\t<div class=\"elementor-element elementor-element-ccdad47 e-flex e-con-boxed e-con e-parent\" data-id=\"ccdad47\" data-element_type=\"container\" data-e-type=\"container\">\n\t\t\t\t\t<div class=\"e-con-inner\">\n\t\t\t\t<div class=\"elementor-element elementor-element-b9e95fd elementor-widget elementor-widget-heading\" data-id=\"b9e95fd\" data-element_type=\"widget\" data-e-type=\"widget\" data-widget_type=\"heading.default\">\n\t\t\t\t\t<h2 class=\"elementor-heading-title elementor-size-default\">Pol\u00edtica de privacitat<\/h2>\t\t\t\t<\/div>\n\t\t\t\t<div class=\"elementor-element elementor-element-3810139 elementor-widget elementor-widget-text-editor\" data-id=\"3810139\" data-element_type=\"widget\" data-e-type=\"widget\" data-widget_type=\"text-editor.default\">\n\t\t\t\t\t\t\t\t\t<p><strong>Qui \u00e9s el responsable del tractament de les seves dades personals?<\/strong><\/p><p>Nira Quiropr\u00e1ctica \u00e9s la responsable del tractament de les dades personals de l'USUARI i informa l'USUARI que aquestes dades es tractaran d'acord amb les disposicions del Reglament (UE) 2016\/679 de 27 d'abril (RGPD) i de la Llei Org\u00e0nica 3\/2018 de 5 de desembre (LOPDGDD).<\/p><p><strong>\u00a0<\/strong><\/p><p><strong>Per qu\u00e8 tractem les teves dades personals?<\/strong><\/p><p>Per mantenir una relaci\u00f3 comercial amb l'usuari. Les operacions de tractament previstes s\u00f3n:<\/p><ul><li>L'enviament de comunicacions comercials per correu electr\u00f2nic, fax, SMS, MMS, xarxes socials o qualsevol altre mitj\u00e0 electr\u00f2nic o f\u00edsic, actual o futur, que permeti l'enviament de comunicacions comercials. Aquestes comunicacions seran enviades pel RESPONSABLE DEL TRACTAMENT i estaran relacionades amb els seus productes i serveis, o amb els dels seus socis o prove\u00efdors amb els quals hagi subscrit un acord de promoci\u00f3. En aquest cas, tercers no tindran mai acc\u00e9s a les dades personals.<\/li><li>Fer recerca de mercat i an\u00e0lisi estad\u00edstica.<\/li><li>Per processar comandes i sol\u00b7licituds, i per respondre a consultes o qualsevol altra petici\u00f3 que l'USUARI faci mitjan\u00e7ant qualsevol dels m\u00e8todes de contacte posats a disposici\u00f3 al lloc web del RESPONSABLE.<\/li><li>Subscriviu-vos al nostre butllet\u00ed en l\u00ednia per rebre actualitzacions, ofertes i promocions relacionades amb el nostre negoci.<strong>.<\/strong><\/li><\/ul><h3><strong>\u00a0<\/strong><\/h3><p><strong>Per qu\u00e8 podem tractar les teves dades personals?<\/strong><\/p><p>Perqu\u00e8 el tractament es justifica en virtut de l'article 6 del RGPD de la manera seg\u00fcent:<\/p><ul><li>Amb el consentiment de l'USUARI: enviament de comunicacions de m\u00e0rqueting i del butllet\u00ed.<\/li><li>En l'inter\u00e8s leg\u00edtim del RESPONSABLE DEL TRACTAMENT: dur a terme estudis de mercat, an\u00e0lisis estad\u00edstiques, etc., i processar comandes, sol\u00b7licituds, etc. a petici\u00f3 de l'USUARI.<\/li><\/ul><h3><strong>\u00a0<\/strong><\/h3><p><strong>Quant de temps conservarem les teves dades personals?<\/strong><\/p><p>Es conservaran durant el temps estrictament necessari per complir la finalitat del tractament o quan hi hagi obligacions legals que en exigeixin la retenci\u00f3; un cop ja no siguin necessaris per a aquesta finalitat, s'eliminaran mitjan\u00e7ant mesures de seguretat adequades per garantir l'anonimitzaci\u00f3 de les dades o la seva destrucci\u00f3 completa.<\/p><p><strong>\u00a0<\/strong><\/p><p><strong>Amb qui compartim les teves dades personals?<\/strong><\/p><p>No es comunicaran dades personals a tercers, excepte quan sigui necessari per a la tramitaci\u00f3, als nostres prove\u00efdors de serveis de comunicacions, amb els quals el RESPONSABLE DEL TRACTAMENT ha subscrit els acords de confidencialitat i de tractament de dades exigits per la normativa vigent en mat\u00e8ria de protecci\u00f3 de dades.<\/p><p><strong>\u00a0<\/strong><\/p><p><strong>Quins s\u00f3n els teus drets?<\/strong><\/p><p>Els drets als quals t\u00e9 dret l'USUARI s\u00f3n:<\/p><ul><li><p>El dret a retirar el consentiment en qualsevol moment.<\/p><\/li><li><p>El dret a accedir, rectificar, transferir i esborrar les teves dades, i a limitar o oposar-te al seu tractament.<\/p><\/li><li><p>El dret a presentar una reclamaci\u00f3 davant l'autoritat de supervisi\u00f3 (www.aepd.es) si considera que el tractament no compleix la legislaci\u00f3 vigent.<\/p><\/li><\/ul><p><strong>\u00a0<\/strong><\/p><p><strong>Dades de contacte per exercir els teus drets<\/strong><\/p><div dir=\"auto\">Quiropr\u00e0ctica Nira<\/div><div dir=\"auto\">N\u00famero d'inscripci\u00f3 fiscal:<\/div><div dir=\"auto\">Adre\u00e7a: <a tabindex=\"0\" href=\"https:\/\/www.google.com\/maps\/place\/\/data=!4m2!3m1!1s0x12a52712edd8e8db:0xd76f9d35e857d488?sa=X&amp;ved=1t:8290&amp;ictx=111\" data-url=\"\/maps\/place\/\/data=!4m2!3m1!1s0x12a52712edd8e8db:0xd76f9d35e857d488?sa=X&amp;ved=2ahUKEwi1udnyyJCUAxW_3gIHHa3lLtYQ4kB6BAgVEAA\" target=\"_blank\" rel=\"noopener\">9 Carrer de Sant Just, 3r pis, pis 7, 08500 Vic, Barcelona<\/a><\/div><div dir=\"auto\">Correu electr\u00f2nic: info@niraquiropractica.com<\/div><p><b>\u00a0<\/b><\/p><p><b>2. Si la informaci\u00f3 proporcionada per l'usuari \u00e9s obligat\u00f2ria o opcional\u00a0<br \/><\/b><\/p><p>Marcant les caselles corresponents i introduint dades en els camps marcats amb un asterisc (*) en el formulari de contacte o en els formularis de desc\u00e0rrega, els USUARIS accepten expressament, lliurement i inequ\u00edvocament que les seves dades s\u00f3n necess\u00e0ries perqu\u00e8 el prove\u00efdor processi la seva sol\u00b7licitud; la facilitaci\u00f3 de dades en la resta de camps \u00e9s volunt\u00e0ria. L'USUARI garanteix que les dades personals facilitades al RESPONSABLE s\u00f3n exactes i es compromet a comunicar al RESPONSABLE qualsevol canvi que es produeixi.<\/p><p>El RESPONSABLE DEL TRACTAMENT l'informa que totes les dades sol\u00b7licitades a trav\u00e9s del lloc web s\u00f3n obligat\u00f2ries, ja que s\u00f3n necess\u00e0ries per oferir a l'USUARI el millor servei possible. Si no facilita totes les dades requerides, no podem garantir que la informaci\u00f3 i els serveis proporcionats satisfacin plenament les seves necessitats.<\/p><p><strong>\u00a0<\/strong><\/p><p><strong>3. Mesures de seguretat<\/strong><\/p><p>Que, d'acord amb les disposicions de la normativa vigent en mat\u00e8ria de protecci\u00f3 de dades, el RESPONSABLE DEL TRACTAMENT compleix totes les disposicions del RGPD i de la LOPDGDD pel que fa al tractament de dades personals sota la seva responsabilitat, i expl\u00edcitament amb els principis establerts a l'article 5 del RGPD, segons els quals aquestes dades es tracten de manera l\u00edcita, equitativa i transparent en relaci\u00f3 amb l'interessat, i s\u00f3n adequades, pertinents i limitades al necessari en relaci\u00f3 amb les finalitats per a les quals es tracten.<\/p><p>El RESPONSABLE DEL TRACTAMENT garanteix que ha implementat pol\u00edtiques t\u00e8cniques i organitzatives adequades per aplicar les mesures de seguretat establertes al RGPD i a la LOPDGDD amb la finalitat de protegir els drets i les llibertats dels USUARIS, i els ha proporcionat la informaci\u00f3 necess\u00e0ria per permetre'ls exercir aquests drets. Per a m\u00e9s informaci\u00f3 sobre les garanties de privacitat, poseu-vos en contacte amb el RESPONSABLE DEL TRACTAMENT a trav\u00e9s de<\/p>\t\t\t\t\t\t\t\t<\/div>\n\t\t\t\t\t<\/div>\n\t\t\t\t<\/div>\n\t\t\t\t<\/div>","protected":false},"excerpt":{"rendered":"<p>Pol\u00edtica de Privacidad \u00bfQui\u00e9n es el responsable del tratamiento de tus datos personales? Nira Quiropr\u00e1ctica es el RESPONSABLE del tratamiento de los datos personales del USUARIO y le informa de que estos datos ser\u00e1n tratados de conformidad con lo dispuesto en el Reglamento (UE) 2016\/679, de 27 de abril (GDPR), y la Ley Org\u00e1nica 3\/2018, [&hellip;]<\/p>\n","protected":false},"author":1,"featured_media":0,"parent":0,"menu_order":0,"comment_status":"closed","ping_status":"closed","template":"","meta":{"footnotes":""},"class_list":["post-1201","page","type-page","status-publish","hentry"],"_links":{"self":[{"href":"https:\/\/niraquiropractica.com\/ca\/wp-json\/wp\/v2\/pages\/1201","targetHints":{"allow":["GET"]}}],"collection":[{"href":"https:\/\/niraquiropractica.com\/ca\/wp-json\/wp\/v2\/pages"}],"about":[{"href":"https:\/\/niraquiropractica.com\/ca\/wp-json\/wp\/v2\/types\/page"}],"author":[{"embeddable":true,"href":"https:\/\/niraquiropractica.com\/ca\/wp-json\/wp\/v2\/users\/1"}],"replies":[{"embeddable":true,"href":"https:\/\/niraquiropractica.com\/ca\/wp-json\/wp\/v2\/comments?post=1201"}],"version-history":[{"count":4,"href":"https:\/\/niraquiropractica.com\/ca\/wp-json\/wp\/v2\/pages\/1201\/revisions"}],"predecessor-version":[{"id":1205,"href":"https:\/\/niraquiropractica.com\/ca\/wp-json\/wp\/v2\/pages\/1201\/revisions\/1205"}],"wp:attachment":[{"href":"https:\/\/niraquiropractica.com\/ca\/wp-json\/wp\/v2\/media?parent=1201"}],"curies":[{"name":"wp","href":"https:\/\/api.w.org\/{rel}","templated":true}]}}