{"id":1206,"date":"2026-04-28T12:45:46","date_gmt":"2026-04-28T12:45:46","guid":{"rendered":"https:\/\/niraquiropractica.com\/?page_id=1206"},"modified":"2026-04-28T12:48:19","modified_gmt":"2026-04-28T12:48:19","slug":"politica-de-galetes","status":"publish","type":"page","link":"https:\/\/niraquiropractica.com\/ca\/politica-de-cookies\/","title":{"rendered":"Pol\u00edtica de galetes"},"content":{"rendered":"<style>.elementor-1206 .elementor-element.elementor-element-afc1f84{--display:flex;--margin-top:0%;--margin-bottom:4%;--margin-left:0%;--margin-right:0%;}.elementor-1206 .elementor-element.elementor-element-0cd1db5 .elementor-heading-title{font-size:37px;}.elementor-1206 .elementor-element.elementor-element-0cd1db5{margin:4% 0% calc(var(--kit-widget-spacing, 0px) + 0%) 0%;}<\/style>\t\t<div data-elementor-type=\"wp-page\" data-elementor-id=\"1206\" class=\"elementor elementor-1206\" data-elementor-post-type=\"page\">\n\t\t\t\t<div class=\"elementor-element elementor-element-afc1f84 e-flex e-con-boxed e-con e-parent\" data-id=\"afc1f84\" data-element_type=\"container\" data-e-type=\"container\">\n\t\t\t\t\t<div class=\"e-con-inner\">\n\t\t\t\t<div class=\"elementor-element elementor-element-0cd1db5 elementor-widget elementor-widget-heading\" data-id=\"0cd1db5\" data-element_type=\"widget\" data-e-type=\"widget\" data-widget_type=\"heading.default\">\n\t\t\t\t\t<h2 class=\"elementor-heading-title elementor-size-default\">Pol\u00edtica de galetes<\/h2>\t\t\t\t<\/div>\n\t\t\t\t<div class=\"elementor-element elementor-element-5c2595f elementor-widget elementor-widget-text-editor\" data-id=\"5c2595f\" data-element_type=\"widget\" data-e-type=\"widget\" data-widget_type=\"text-editor.default\">\n\t\t\t\t\t\t\t\t\t<section data-id=\"65ead88\" data-element_type=\"section\"><div data-id=\"8a6033b\" data-element_type=\"column\"><div data-id=\"86765d5\" data-element_type=\"widget\" data-widget_type=\"text-editor.default\"><div data-id=\"2a6bc34\" data-element_type=\"widget\" data-widget_type=\"heading.default\"><p><b>INFORMACI\u00d3 SOBRE LES COOKIES<\/b><\/p><p>D'acord amb la Llei 34\/2002, d'11 de juliol, de serveis de la societat de la informaci\u00f3 i de comer\u00e7 electr\u00f2nic (LSSI), en relaci\u00f3 amb el Reglament (UE) 2016\/679 del Parlament Europeu i del Consell, de 27 d'abril de 2016, Reglament general de protecci\u00f3 de dades (RGPD) i la Llei Org\u00e0nica 3\/2018, de 5 de desembre, de protecci\u00f3 de dades personals i garantia dels drets digitals (LOPDGDD), \u00e9s obligatori obtenir el consentiment expr\u00e9s de l'usuari en tots els llocs web que utilitzen galetes no essencials abans que l'usuari els navegu\u00ef.<\/p><p><b>\u00a0<\/b><\/p><p><b>Qu\u00e8 s\u00f3n les galetes?<\/b><\/p><p>Les galetes i altres tecnologies similars, com ara els objectes compartits locals, les galetes Flash i els balises web, s\u00f3n eines que utilitzen els servidors web per emmagatzemar i recuperar informaci\u00f3 sobre els seus visitants, aix\u00ed com per garantir que el lloc web funcioni correctament.<\/p><p>L'\u00fas d'aquests dispositius permet al servidor web recordar certs detalls sobre l'usuari, com ara les seves prefer\u00e8ncies per a visualitzar les p\u00e0gines del servidor, el seu nom d'usuari i la seva contrasenya, els productes que m\u00e9s li interessen, etc\u00e8tera.<\/p><p>Galetes\u00a0<b>Galetes regulades i exemptes<\/b><\/p><p>Segons la Directiva de la UE, les galetes que requereixen el consentiment informat de l'usuari s\u00f3n les galetes d'an\u00e0lisi i les galetes publicit\u00e0ries i d'afiliats, amb l'excepci\u00f3 de les galetes t\u00e8cniques i de les necess\u00e0ries per al funcionament del lloc web o per a la prestaci\u00f3 de serveis expressament sol\u00b7licitats per l'usuari.<\/p><p><b>\u00a0<\/b><\/p><p><b>Tipus de galetes<\/b><\/p><p><b>\u00a0<\/b><\/p><p><b>Segons el prop\u00f2sit<\/b><\/p><p>Galetes\u00a0<b>t\u00e8cnic i funcional<\/b>: s\u00f3n galetes que permeten als usuaris navegar per un lloc web, una plataforma o una aplicaci\u00f3 i utilitzar les diverses opcions o serveis disponibles en aquest.<\/p><p>Galetes\u00a0<b>anal\u00edtic<\/b>: s\u00f3n galetes que permeten al responsable del tractament fer el seguiment i analitzar el comportament dels usuaris als llocs web amb els quals estan vinculades. La informaci\u00f3 recollida mitjan\u00e7ant aquest tipus de galeta s'utilitza per mesurar l'activitat dels llocs web, les aplicacions o les plataformes i per crear perfils de navegaci\u00f3 dels usuaris d'aquests llocs, aplicacions i plataformes, amb l'objectiu de fer millores basades en l'an\u00e0lisi de com utilitzen els usuaris el servei.<\/p><p>Galetes\u00a0<b>publicitat:\u00a0<\/b>Aquestes s\u00f3n les galetes que permeten la gesti\u00f3 m\u00e9s eficient de qualsevol espai publicitari que l'editor hagi pogut incloure en un lloc web, una aplicaci\u00f3 o una plataforma a trav\u00e9s de la qual es presta el servei sol\u00b7licitat, basant-se en criteris com el contingut publicat o la freq\u00fc\u00e8ncia amb qu\u00e8 es mostren els anuncis.<\/p><p>Galetes\u00a0<b>publicitat conductual<\/b>: recollir informaci\u00f3 sobre les prefer\u00e8ncies i eleccions personals de l'usuari (retargeting) per permetre la gesti\u00f3 m\u00e9s efica\u00e7 de qualsevol espai publicitari que l'editor hagi pogut incloure en un lloc web, aplicaci\u00f3 o plataforma a trav\u00e9s del qual es proporciona el servei sol\u00b7licitat.<\/p><p>Galetes\u00a0<b>social<\/b>Aquestes s'estableixen per les plataformes de xarxes socials dins dels Serveis per permetre't compartir contingut amb els teus amics i xarxes. Les plataformes de xarxes socials poden fer un seguiment de la teva activitat en l\u00ednia fora dels Serveis. Aix\u00f2 pot afectar el contingut i els missatges que veus en altres serveis que visites.<\/p><p>Galetes\u00a0<b>afiliats<\/b>: aquests permeten fer un seguiment de les visites des d'altres llocs web amb els quals el lloc web t\u00e9 un acord d'afiliaci\u00f3 (empreses afiliades).<\/p><p>Galetes\u00a0<b>seguretat<\/b>: emmagatzemen informaci\u00f3 xifrada per evitar que les dades emmagatzemades en ells siguin vulnerables a atacs maliciosos per part de tercers.<\/p><p><b>\u00a0<\/b><\/p><p><b>Segons la propietat<\/b><\/p><p>Galetes\u00a0<b>el seu propi<\/b>: s\u00f3n galetes enviades al dispositiu de l'usuari des d'un servidor o domini gestionat pel mateix editor, des del qual es proporciona el servei sol\u00b7licitat per l'usuari.<\/p><p>Galetes\u00a0<b>de tercers:\u00a0<\/b>S\u00f3n galetes que s'envien al dispositiu de l'usuari des d'un servidor o domini que no gestiona l'editor, sin\u00f3 una altra entitat que processa les dades obtingudes a trav\u00e9s de les galetes.<\/p><p><b>\u00a0<\/b><\/p><p><b>D'ACORD AMB EL PER\u00cdODE DE RETENCI\u00d3<\/b><\/p><p>Galetes\u00a0<b>sessi\u00f3:\u00a0<\/b>Aquestes s\u00f3n un tipus de galeta dissenyada per recollir i emmagatzemar dades mentre l'usuari navega per un lloc web.<\/p><p>Galetes\u00a0<b>persistent:\u00a0<\/b>S\u00f3n un tipus de galeta en qu\u00e8 les dades romanen emmagatzemades al dispositiu de l'usuari i a les quals es pot accedir i processar durant un per\u00edode definit per la part responsable de la galeta, que pot anar des de pocs minuts fins a diversos anys.<\/p><p><b>\u00a0<\/b><\/p><p><b>TRACTAMENT DE DADES PERSONALS<\/b><\/p><p>CASTRO SINERGIA (SANDRA CASTRO) \u00e9s la\u00a0<b>Responsable del tractament de dades\u00a0<\/b>de les dades personals del\u00a0<b>Interessat\u00a0<\/b>i l'informa que aquestes dades es tractaran d'acord amb les disposicions del Reglament (UE) 2016\/679, de 27 d'abril de 2016 (RGPD), i per tant li facilita la seg\u00fcent informaci\u00f3 relativa al tractament:<\/p><p><b>Finalitats del tractament:\u00a0<\/b>tal com s'especifica a la secci\u00f3 sobre les galetes utilitzades en aquest lloc web.<\/p><p><b>Base jur\u00eddica del tractament<\/b>: excepte quan sigui necessari per navegar pel lloc web, amb el consentiment de l'interessat (article 6.1 del RGPD).<\/p><p><b>Criteri de conservaci\u00f3 de dades<\/b>: tal com s'especifica a la secci\u00f3 sobre les galetes utilitzades al lloc web.<\/p><p><b>Divulgaci\u00f3 de dades<\/b>Les dades no es comunicaran a tercers, excepte en el cas de galetes de tercers o quan ho exigeixi la llei.<\/p><p><b>\u00a0<\/b><\/p><p><b>Drets de la persona interessada<\/b>:<\/p><p>\u2013 El dret a retirar el consentiment en qualsevol moment.<\/p><p>\u2013 El dret a accedir, rectificar, transferir i esborrar les seves dades, i a limitar o oposar-se al seu tractament.<\/p><p>\u2013 El dret a presentar una queixa davant l'autoritat de control\u00a0<a href=\"http:\/\/www.aepd.es\/\" target=\"_blank\" rel=\"noopener\">(www.aepd.es) si creu que el tractament no compleix la normativa vigent.<\/a><\/p><p><b>\u00a0<\/b><\/p><p><b>Dades de contacte per exercir els teus drets:<\/b><\/p><div dir=\"auto\">Quiropr\u00e0ctica Nira<\/div><div dir=\"auto\">N\u00famero d'inscripci\u00f3 fiscal:<\/div><div dir=\"auto\">Adre\u00e7a: <a tabindex=\"0\" href=\"https:\/\/www.google.com\/maps\/place\/\/data=!4m2!3m1!1s0x12a52712edd8e8db:0xd76f9d35e857d488?sa=X&amp;ved=1t:8290&amp;ictx=111\" data-url=\"\/maps\/place\/\/data=!4m2!3m1!1s0x12a52712edd8e8db:0xd76f9d35e857d488?sa=X&amp;ved=2ahUKEwilsaKPypCUAxUbVUEAHcMNLAoQ4kB6BAgMEAA\" target=\"_blank\" rel=\"noopener\">9 Carrer de Sant Just, 3r pis, pis 7, 08500 Vic, Barcelona<\/a><\/div><div dir=\"auto\">Correu electr\u00f2nic: info@niraquiropractica.com<\/div><div dir=\"auto\">\u00a0<\/div><p><b>Cookies utilitzades en aquest lloc web<\/b><\/p><p>\u00a0<\/p><p>Cookies controlades per l'editor:<\/p><p><b>\u00a0<\/b><\/p><p><b>T\u00e8cnic i funcional<\/b><\/p><table><tbody><tr><td><p><b>Propietat<\/b><\/p><\/td><td><p><b>Galeta<\/b><\/p><\/td><td><p><b>Prop\u00f2sit<\/b><\/p><\/td><td><p><b>Data l\u00edmit<\/b><\/p><\/td><\/tr><tr><td>niraquiropractica.com<\/td><td><p><b>_utmc<\/b><\/p><\/td><td><p>Galeta necess\u00e0ria per utilitzar les funcions i els serveis del lloc web.<\/p><\/td><td><p>d'aqu\u00ed a un any<\/p><\/td><\/tr><tr><td><p>niraquiropractica.com<\/p><\/td><td><p><b>_utmc_utma<\/b><\/p><\/td><td><p>Galeta necess\u00e0ria per utilitzar les funcions i els serveis del lloc web.<\/p><\/td><td><p>d'aqu\u00ed a un any<\/p><\/td><\/tr><tr><td><p>niraquiropractica.com<\/p><\/td><td><p><b>_utmc_utmb<\/b><\/p><\/td><td><p>Galeta necess\u00e0ria per utilitzar les funcions i els serveis del lloc web.<\/p><\/td><td><p>d'aqu\u00ed a un any<\/p><\/td><\/tr><\/tbody><\/table><p><b>\u00a0<\/b><\/p><p><b>An\u00e0lisi:<\/b><\/p><table><tbody><tr><td><p><b>Propietat<\/b><\/p><\/td><td><p><b>Galeta<\/b><\/p><\/td><td><p><b>Prop\u00f2sit<\/b><\/p><\/td><td><p><b>Data l\u00edmit<\/b><\/p><\/td><\/tr><tr><td><p>niraquiropractica.com<\/p><\/td><td><p><b>_ga<\/b><\/p><\/td><td><p>ID utilitzat per identificar usuaris<\/p><\/td><td><p>d'aqu\u00ed a 2 anys<\/p><\/td><\/tr><\/tbody><\/table><\/div><p><b>\u00a0<\/b><\/p><p><b>Cookies de tercers<\/b><\/p><p>Els serveis de tercers estan fora del control de l'editor. Els prove\u00efdors poden canviar els seus termes de servei, la finalitat i l'\u00fas de les galetes, etc., en qualsevol moment.<\/p><p><b>\u00a0<\/b><\/p><p><b>Prove\u00efdors externs d'aquest lloc web:<\/b><\/p><table><tbody><tr><td><p><b>Editor<\/b><\/p><\/td><td><p><b>Pol\u00edtica de privacitat<\/b><\/p><\/td><\/tr><tr><td><p>Google Analytics<\/p><\/td><td><p><a href=\"https:\/\/privacy.google.com\/take-control.html\" target=\"_blank\" rel=\"noopener\">https:\/\/privacy.google.com\/take-control.html<\/a><\/p><\/td><\/tr><\/tbody><\/table><p><b>PANELL DE CONFIGURACI\u00d3 DE COOKIES<\/b><\/p><p>Des d'aquest panell, podeu configurar les galetes que el lloc web pot instal\u00b7lar al vostre navegador, amb l'excepci\u00f3 de les galetes t\u00e8cniques o funcionals, que s\u00f3n necess\u00e0ries per navegar pel lloc i utilitzar les diverses opcions i serveis que s'hi ofereixen.<\/p><\/div><\/div><\/section><section data-id=\"5773198\" data-element_type=\"section\"><div><div data-id=\"3ece3c8\" data-element_type=\"column\"><div><div data-id=\"f55c713\" data-element_type=\"widget\" data-widget_type=\"text-editor.default\"><div><div data-id=\"2a6bc34\" data-element_type=\"widget\" data-widget_type=\"heading.default\">\u00a0<\/div><p><b>COM GESTIONAR LES COOKIES AL NOSTRE NAVEGADOR<\/b><\/p><table><tbody><tr><td colspan=\"2\"><p><b>Suprimeix les galetes del teu dispositiu<\/b><\/p><\/td><td><p>Les galetes que ja estan emmagatzemades en un dispositiu es poden esborrar buidant l'historial del navegador, la qual cosa elimina les galetes de tots els llocs web visitats.<\/p><p>Tanmateix, part de la informaci\u00f3 emmagatzemada tamb\u00e9 es pot perdre (per exemple, les dades d'inici de sessi\u00f3 o les prefer\u00e8ncies del lloc web).<\/p><\/td><\/tr><tr><td colspan=\"2\"><p><b>Gestiona les galetes espec\u00edfiques del lloc<\/b><\/p><\/td><td><p>Per gestionar de manera m\u00e9s precisa les galetes espec\u00edfiques de cada lloc web, els usuaris poden ajustar la configuraci\u00f3 de privacitat i de galetes al seu navegador.<\/p><\/td><\/tr><tr><td colspan=\"2\"><p><b>Bloqueja les galetes<\/b><\/p><\/td><td><p>Tot i que la majoria dels navegadors moderns es poden configurar per evitar que les galetes s'emmagatzemin als dispositius, aix\u00f2 pot requerir que ajusteu manualment determinats par\u00e0metres cada vegada que visiteu un lloc web o una p\u00e0gina. A m\u00e9s, alguns serveis i funcions poden no funcionar correctament (per exemple, els inicis de sessi\u00f3 basats en el perfil).<\/p><\/td><\/tr><tr><td colspan=\"3\"><p><b>COM ESBORRAR COOKIES ALS NAVEGADORS M\u00c9S COMUNS<\/b><\/p><\/td><\/tr><tr><td><p><b>Crom<\/b><\/p><\/td><td colspan=\"2\"><p><a href=\"http:\/\/support.google.com\/chrome\/answer\/95647?hl=es\" target=\"_blank\" rel=\"noopener\">http:\/\/support.google.com\/chrome\/answer\/95647?hl=es<\/a><\/p><\/td><\/tr><tr><td><p><b>Vora<\/b><\/p><\/td><td colspan=\"2\"><p><a href=\"https:\/\/support.microsoft.com\/es-es\/microsoft-edge\/eliminar-las-cookies-en-microsoft-edge-63947406-40ac-c3b8-57b9-2a946a29ae09\" target=\"_blank\" rel=\"noopener\">https:\/\/support.microsoft.com\/es-es\/microsoft-edge\/eliminar-las-cookies-en-microsoft-edge-63947406-40ac-c3b8-57b9-2a946a29ae09<\/a><\/p><\/td><\/tr><tr><td><p><b>Explorador<\/b><\/p><\/td><td colspan=\"2\"><p><a href=\"https:\/\/support.microsoft.com\/es-es\/help\/278835\/how-to-delete-cookie-files-in-internet-explorer\" target=\"_blank\" rel=\"noopener\">https:\/\/support.microsoft.com\/es-es\/help\/278835\/how-to-delete-cookie-files-in-internet-explorer<\/a><\/p><\/td><\/tr><tr><td><p><b>Foc<\/b><\/p><\/td><td colspan=\"2\"><p><a href=\"https:\/\/www.mozilla.org\/es-ES\/privacy\/websites\/#cookies\" target=\"_blank\" rel=\"noopener\">https:\/\/www.mozilla.org\/es-ES\/privacy\/websites\/#cookies<\/a><\/p><\/td><\/tr><tr><td><p><b>Safari<\/b><\/p><\/td><td colspan=\"2\"><p><a href=\"https:\/\/support.apple.com\/es-es\/guide\/safari\/sfri11471\/mac\" target=\"_blank\" rel=\"noopener\">https:\/\/support.apple.com\/es-es\/guide\/safari\/sfri11471\/mac<\/a><\/p><\/td><\/tr><tr><td><p><b>\u00d2pera<\/b><\/p><\/td><td colspan=\"2\"><p><a href=\"https:\/\/help.opera.com\/en\/latest\/security-and-privacy\/#clearBrowsingData\" target=\"_blank\" rel=\"noopener\">https:\/\/help.opera.com\/en\/latest\/security-and-privacy\/#clearBrowsingData<\/a><\/p><\/td><\/tr><\/tbody><\/table><\/div><\/div><\/div><\/div><\/div><\/section><section data-id=\"9c200d8\" data-element_type=\"section\"><div><div data-id=\"b4ba149\" data-element_type=\"column\"><div><div data-id=\"8d57f6b\" data-element_type=\"widget\" data-widget_type=\"spacer.default\"><div>\u00a0<\/div><\/div><\/div><\/div><\/div><\/section>\t\t\t\t\t\t\t\t<\/div>\n\t\t\t\t\t<\/div>\n\t\t\t\t<\/div>\n\t\t\t\t<\/div>","protected":false},"excerpt":{"rendered":"<p>Pol\u00edtica de Cookies INFORMACI\u00d3N SOBRE COOKIES Conforme con la Ley 34\/2002, de 11 de julio, de servicios de la sociedad de la informaci\u00f3n y de comercio electr\u00f3nico (LSSI), en relaci\u00f3n con el Reglamento (UE) 2016\/679 del Parlamento Europeo y del Consejo, de 27 de abril de 2016, General de Protecci\u00f3n de Datos (GDPR) y la [&hellip;]<\/p>\n","protected":false},"author":1,"featured_media":0,"parent":0,"menu_order":0,"comment_status":"closed","ping_status":"closed","template":"","meta":{"footnotes":""},"class_list":["post-1206","page","type-page","status-publish","hentry"],"_links":{"self":[{"href":"https:\/\/niraquiropractica.com\/ca\/wp-json\/wp\/v2\/pages\/1206","targetHints":{"allow":["GET"]}}],"collection":[{"href":"https:\/\/niraquiropractica.com\/ca\/wp-json\/wp\/v2\/pages"}],"about":[{"href":"https:\/\/niraquiropractica.com\/ca\/wp-json\/wp\/v2\/types\/page"}],"author":[{"embeddable":true,"href":"https:\/\/niraquiropractica.com\/ca\/wp-json\/wp\/v2\/users\/1"}],"replies":[{"embeddable":true,"href":"https:\/\/niraquiropractica.com\/ca\/wp-json\/wp\/v2\/comments?post=1206"}],"version-history":[{"count":4,"href":"https:\/\/niraquiropractica.com\/ca\/wp-json\/wp\/v2\/pages\/1206\/revisions"}],"predecessor-version":[{"id":1210,"href":"https:\/\/niraquiropractica.com\/ca\/wp-json\/wp\/v2\/pages\/1206\/revisions\/1210"}],"wp:attachment":[{"href":"https:\/\/niraquiropractica.com\/ca\/wp-json\/wp\/v2\/media?parent=1206"}],"curies":[{"name":"wp","href":"https:\/\/api.w.org\/{rel}","templated":true}]}}