{"id":2,"date":"2026-01-26T18:00:52","date_gmt":"2026-01-26T18:00:52","guid":{"rendered":"https:\/\/nira.robocomp.top\/?page_id=2"},"modified":"2026-05-02T15:50:27","modified_gmt":"2026-05-02T15:50:27","slug":"que-es-la-quiropractica","status":"publish","type":"page","link":"https:\/\/niraquiropractica.com\/ca\/que-es-la-quiropractica\/","title":{"rendered":"Qu\u00e8 \u00e9s la quiropr\u00e0ctica?"},"content":{"rendered":"<style>.elementor-2 .elementor-element.elementor-element-5146ed33{--display:flex;--min-height:595px;--flex-direction:column;--container-widget-width:100%;--container-widget-height:initial;--container-widget-flex-grow:0;--container-widget-align-self:initial;--flex-wrap-mobile:wrap;--justify-content:flex-end;--overlay-opacity:1;--margin-top:-9%;--margin-bottom:0%;--margin-left:0%;--margin-right:0%;--padding-top:0%;--padding-bottom:06%;--padding-left:0%;--padding-right:0%;}.elementor-2 .elementor-element.elementor-element-5146ed33:not(.elementor-motion-effects-element-type-background), .elementor-2 .elementor-element.elementor-element-5146ed33 > .elementor-motion-effects-container > .elementor-motion-effects-layer{background:url(\"https:\/\/niraquiropractica.com\/wp-content\/uploads\/2026\/01\/Nira-Quiropractica-en-Vic21.jpg\") 50% 50%;background-size:cover;}.elementor-2 .elementor-element.elementor-element-5146ed33::before, .elementor-2 .elementor-element.elementor-element-5146ed33 > .elementor-background-video-container::before, .elementor-2 .elementor-element.elementor-element-5146ed33 > .e-con-inner > .elementor-background-video-container::before, .elementor-2 .elementor-element.elementor-element-5146ed33 > .elementor-background-slideshow::before, .elementor-2 .elementor-element.elementor-element-5146ed33 > .e-con-inner > .elementor-background-slideshow::before, .elementor-2 .elementor-element.elementor-element-5146ed33 > .elementor-motion-effects-container > .elementor-motion-effects-layer::before{--background-overlay:'';background-color:transparent;background-image:linear-gradient(180deg, #00000024 7%, var( --e-global-color-851338a ) 93%);}.elementor-2 .elementor-element.elementor-element-22a7b2ab{--display:flex;--padding-top:0px;--padding-bottom:0px;--padding-left:0px;--padding-right:0px;}.elementor-2 .elementor-element.elementor-element-6b380704{--display:flex;--padding-top:0px;--padding-bottom:0px;--padding-left:0px;--padding-right:0px;}.elementor-2 .elementor-element.elementor-element-3e6b989d{--display:flex;--padding-top:0px;--padding-bottom:0px;--padding-left:0px;--padding-right:0px;}.elementor-2 .elementor-element.elementor-element-63440470{text-align:center;}.elementor-2 .elementor-element.elementor-element-63440470 .elementor-heading-title{font-family:\"Lora\", Sans-serif;font-size:53px;font-weight:400;color:#3C5956;}.elementor-2 .elementor-element.elementor-element-ba7c933{text-align:center;}.elementor-2 .elementor-element.elementor-element-ba7c933 .elementor-heading-title{font-family:\"Raleway\", Sans-serif;font-size:14px;font-weight:500;text-transform:uppercase;text-decoration:none;line-height:24px;letter-spacing:2.3px;color:var( --e-global-color-primary );}.elementor-2 .elementor-element.elementor-element-c16d13f{--display:flex;--flex-direction:row;--container-widget-width:initial;--container-widget-height:100%;--container-widget-flex-grow:1;--container-widget-align-self:stretch;--flex-wrap-mobile:wrap;--gap:0% 5%;--row-gap:0%;--column-gap:5%;--padding-top:3%;--padding-bottom:0%;--padding-left:5%;--padding-right:5%;}.elementor-2 .elementor-element.elementor-element-f8d63fd{--display:flex;--flex-direction:column;--container-widget-width:100%;--container-widget-height:initial;--container-widget-flex-grow:0;--container-widget-align-self:initial;--flex-wrap-mobile:wrap;--overlay-opacity:1;--border-radius:20px 20px 20px 20px;}.elementor-2 .elementor-element.elementor-element-f8d63fd::before, .elementor-2 .elementor-element.elementor-element-f8d63fd > .elementor-background-video-container::before, .elementor-2 .elementor-element.elementor-element-f8d63fd > .e-con-inner > .elementor-background-video-container::before, .elementor-2 .elementor-element.elementor-element-f8d63fd > .elementor-background-slideshow::before, .elementor-2 .elementor-element.elementor-element-f8d63fd > .e-con-inner > .elementor-background-slideshow::before, .elementor-2 .elementor-element.elementor-element-f8d63fd > .elementor-motion-effects-container > .elementor-motion-effects-layer::before{--background-overlay:'';background-image:url(\"https:\/\/niraquiropractica.com\/wp-content\/uploads\/2026\/02\/que-es-la-quiropractica.jpg\");background-position:center center;background-size:cover;}.elementor-2 .elementor-element.elementor-element-9084682{--spacer-size:475px;}.elementor-2 .elementor-element.elementor-element-e5e613b{--display:flex;--flex-direction:column;--container-widget-width:100%;--container-widget-height:initial;--container-widget-flex-grow:0;--container-widget-align-self:initial;--flex-wrap-mobile:wrap;--justify-content:center;--border-radius:20px 20px 20px 20px;--padding-top:4%;--padding-bottom:4%;--padding-left:4%;--padding-right:4%;}.elementor-2 .elementor-element.elementor-element-e5e613b:not(.elementor-motion-effects-element-type-background), .elementor-2 .elementor-element.elementor-element-e5e613b > .elementor-motion-effects-container > .elementor-motion-effects-layer{background-color:#97AEAB24;}.elementor-2 .elementor-element.elementor-element-98d0366{text-align:start;}.elementor-2 .elementor-element.elementor-element-98d0366 .elementor-heading-title{font-family:\"Lora\", Sans-serif;font-size:35px;font-weight:400;color:var( --e-global-color-primary );}.elementor-2 .elementor-element.elementor-element-40623727{text-align:start;color:#304744;margin:0% 0% calc(var(--kit-widget-spacing, 0px) + 0%) 0%;padding:0% 0% 0% 0%;}.elementor-2 .elementor-element.elementor-element-9a1682a{--display:flex;--flex-direction:row-reverse;--container-widget-width:initial;--container-widget-height:100%;--container-widget-flex-grow:1;--container-widget-align-self:stretch;--flex-wrap-mobile:wrap-reverse;--gap:0% 5%;--row-gap:0%;--column-gap:5%;--padding-top:3%;--padding-bottom:3%;--padding-left:5%;--padding-right:5%;}.elementor-2 .elementor-element.elementor-element-1d8ebe3{--display:flex;--flex-direction:column;--container-widget-width:100%;--container-widget-height:initial;--container-widget-flex-grow:0;--container-widget-align-self:initial;--flex-wrap-mobile:wrap;--overlay-opacity:1;--border-radius:20px 20px 20px 20px;}.elementor-2 .elementor-element.elementor-element-1d8ebe3::before, .elementor-2 .elementor-element.elementor-element-1d8ebe3 > .elementor-background-video-container::before, .elementor-2 .elementor-element.elementor-element-1d8ebe3 > .e-con-inner > .elementor-background-video-container::before, .elementor-2 .elementor-element.elementor-element-1d8ebe3 > .elementor-background-slideshow::before, .elementor-2 .elementor-element.elementor-element-1d8ebe3 > .e-con-inner > .elementor-background-slideshow::before, .elementor-2 .elementor-element.elementor-element-1d8ebe3 > .elementor-motion-effects-container > .elementor-motion-effects-layer::before{--background-overlay:'';background-image:url(\"https:\/\/niraquiropractica.com\/wp-content\/uploads\/2026\/02\/Centro-quiropractico-en-vic40.jpg\");background-position:center center;background-size:cover;}.elementor-2 .elementor-element.elementor-element-f13a5ee{--spacer-size:475px;}.elementor-2 .elementor-element.elementor-element-e5c8781{--display:flex;--flex-direction:column;--container-widget-width:100%;--container-widget-height:initial;--container-widget-flex-grow:0;--container-widget-align-self:initial;--flex-wrap-mobile:wrap;--justify-content:center;--border-radius:20px 20px 20px 20px;--padding-top:4%;--padding-bottom:4%;--padding-left:4%;--padding-right:4%;}.elementor-2 .elementor-element.elementor-element-e5c8781:not(.elementor-motion-effects-element-type-background), .elementor-2 .elementor-element.elementor-element-e5c8781 > .elementor-motion-effects-container > .elementor-motion-effects-layer{background-color:#FFFFFFD6;}.elementor-2 .elementor-element.elementor-element-ba56435{text-align:start;}.elementor-2 .elementor-element.elementor-element-ba56435 .elementor-heading-title{font-family:\"Lora\", Sans-serif;font-size:35px;font-weight:400;line-height:51px;color:var( --e-global-color-primary );}.elementor-2 .elementor-element.elementor-element-5f83b60{text-align:start;color:#304744;margin:0% 0% calc(var(--kit-widget-spacing, 0px) + 0%) 0%;padding:0% 0% 0% 0%;}.elementor-2 .elementor-element.elementor-element-5c15298{--display:flex;--flex-direction:row;--container-widget-width:initial;--container-widget-height:100%;--container-widget-flex-grow:1;--container-widget-align-self:stretch;--flex-wrap-mobile:wrap;--gap:0% 5%;--row-gap:0%;--column-gap:5%;--padding-top:0%;--padding-bottom:3%;--padding-left:5%;--padding-right:5%;}.elementor-2 .elementor-element.elementor-element-87cee84{--display:flex;--flex-direction:column;--container-widget-width:100%;--container-widget-height:initial;--container-widget-flex-grow:0;--container-widget-align-self:initial;--flex-wrap-mobile:wrap;--justify-content:center;--border-radius:20px 20px 20px 20px;--padding-top:4%;--padding-bottom:4%;--padding-left:4%;--padding-right:4%;}.elementor-2 .elementor-element.elementor-element-87cee84:not(.elementor-motion-effects-element-type-background), .elementor-2 .elementor-element.elementor-element-87cee84 > .elementor-motion-effects-container > .elementor-motion-effects-layer{background-color:#4B6D6914;}.elementor-2 .elementor-element.elementor-element-74f25ef{text-align:start;}.elementor-2 .elementor-element.elementor-element-74f25ef .elementor-heading-title{font-family:\"Lora\", Sans-serif;font-size:35px;font-weight:400;line-height:51px;color:var( --e-global-color-primary );}.elementor-2 .elementor-element.elementor-element-51f6cd4{text-align:start;color:#304744;margin:0% 0% calc(var(--kit-widget-spacing, 0px) + 0%) 0%;padding:0% 0% 0% 0%;}.elementor-2 .elementor-element.elementor-element-1a61a65{--display:flex;--padding-top:0%;--padding-bottom:5%;--padding-left:0%;--padding-right:0%;}.elementor-2 .elementor-element.elementor-element-5cb9b3f img{width:65%;}body.elementor-page-2:not(.elementor-motion-effects-element-type-background), body.elementor-page-2 > .elementor-motion-effects-container > .elementor-motion-effects-layer{background-color:var( --e-global-color-851338a );}@media(min-width:768px){.elementor-2 .elementor-element.elementor-element-c16d13f{--content-width:1200px;}.elementor-2 .elementor-element.elementor-element-f8d63fd{--width:50%;}.elementor-2 .elementor-element.elementor-element-e5e613b{--width:50%;}.elementor-2 .elementor-element.elementor-element-9a1682a{--content-width:1200px;}.elementor-2 .elementor-element.elementor-element-1d8ebe3{--width:50%;}.elementor-2 .elementor-element.elementor-element-e5c8781{--width:50%;}.elementor-2 .elementor-element.elementor-element-5c15298{--content-width:1200px;}.elementor-2 .elementor-element.elementor-element-87cee84{--width:100%;}}@media(max-width:1024px){.elementor-2 .elementor-element.elementor-element-5146ed33{--padding-top:200px;--padding-bottom:100px;--padding-left:30px;--padding-right:30px;}.elementor-2 .elementor-element.elementor-element-63440470{margin:0px 0px calc(var(--kit-widget-spacing, 0px) + -15px) 0px;}.elementor-2 .elementor-element.elementor-element-98d0366{margin:0px 0px calc(var(--kit-widget-spacing, 0px) + -15px) 0px;}.elementor-2 .elementor-element.elementor-element-40623727{margin:0px 40px calc(var(--kit-widget-spacing, 0px) + 0px) 40px;}.elementor-2 .elementor-element.elementor-element-ba56435{margin:0px 0px calc(var(--kit-widget-spacing, 0px) + -15px) 0px;}.elementor-2 .elementor-element.elementor-element-5f83b60{margin:0px 40px calc(var(--kit-widget-spacing, 0px) + 0px) 40px;}.elementor-2 .elementor-element.elementor-element-74f25ef{margin:0px 0px calc(var(--kit-widget-spacing, 0px) + -15px) 0px;}.elementor-2 .elementor-element.elementor-element-51f6cd4{margin:0px 40px calc(var(--kit-widget-spacing, 0px) + 0px) 40px;}}@media(max-width:767px){.elementor-2 .elementor-element.elementor-element-5146ed33{--min-height:334px;--margin-top:-27%;--margin-bottom:0%;--margin-left:0%;--margin-right:0%;--padding-top:30px;--padding-bottom:50px;--padding-left:20px;--padding-right:20px;}.elementor-2 .elementor-element.elementor-element-63440470 .elementor-heading-title{font-size:34px;}.elementor-2 .elementor-element.elementor-element-e5e613b{--margin-top:6%;--margin-bottom:0%;--margin-left:0%;--margin-right:0%;--padding-top:6%;--padding-bottom:6%;--padding-left:6%;--padding-right:6%;}.elementor-2 .elementor-element.elementor-element-98d0366 .elementor-heading-title{font-size:30px;line-height:1.1em;}.elementor-2 .elementor-element.elementor-element-98d0366{margin:0px 0px calc(var(--kit-widget-spacing, 0px) + 0px) 0px;width:var( --container-widget-width, 264px );max-width:264px;--container-widget-width:264px;--container-widget-flex-grow:0;}.elementor-2 .elementor-element.elementor-element-40623727{margin:0px 0px calc(var(--kit-widget-spacing, 0px) + 0px) 0px;}.elementor-2 .elementor-element.elementor-element-1d8ebe3{--margin-top:4%;--margin-bottom:0%;--margin-left:0%;--margin-right:0%;}.elementor-2 .elementor-element.elementor-element-e5c8781{--padding-top:6%;--padding-bottom:6%;--padding-left:6%;--padding-right:6%;}.elementor-2 .elementor-element.elementor-element-ba56435 .elementor-heading-title{font-size:32px;line-height:1.3em;}.elementor-2 .elementor-element.elementor-element-ba56435{margin:0px 0px calc(var(--kit-widget-spacing, 0px) + 0px) 0px;}.elementor-2 .elementor-element.elementor-element-5f83b60{margin:0px 0px calc(var(--kit-widget-spacing, 0px) + 0px) 0px;}.elementor-2 .elementor-element.elementor-element-87cee84{--padding-top:6%;--padding-bottom:6%;--padding-left:6%;--padding-right:6%;}.elementor-2 .elementor-element.elementor-element-74f25ef .elementor-heading-title{font-size:30px;line-height:1.3em;}.elementor-2 .elementor-element.elementor-element-74f25ef{margin:0px 0px calc(var(--kit-widget-spacing, 0px) + 0px) 0px;}.elementor-2 .elementor-element.elementor-element-51f6cd4{margin:0px 0px calc(var(--kit-widget-spacing, 0px) + 0px) 0px;}.elementor-2 .elementor-element.elementor-element-5cb9b3f img{width:91%;}}<\/style>\t\t<div data-elementor-type=\"wp-page\" data-elementor-id=\"2\" class=\"elementor elementor-2\" data-elementor-post-type=\"page\">\n\t\t\t\t<div class=\"elementor-element elementor-element-5146ed33 e-flex e-con-boxed e-con e-parent\" data-id=\"5146ed33\" data-element_type=\"container\" data-e-type=\"container\" data-settings=\"{&quot;background_background&quot;:&quot;video&quot;,&quot;background_video_link&quot;:&quot;https:\\\/\\\/youtu.be\\\/9-kDTRMHEdk?si=GHRUZMEFMi6NU4Ny&quot;}\">\n\t\t\t\t\t<div class=\"e-con-inner\">\n\t\t<div class=\"elementor-background-video-container elementor-hidden-mobile\">\n\t\t\t\t\t\t\t<div class=\"elementor-background-video-embed\" role=\"presentation\"><\/div>\n\t\t\t\t\t\t<\/div><div class=\"elementor-element elementor-element-22a7b2ab e-con-full e-flex e-con e-child\" data-id=\"22a7b2ab\" data-element_type=\"container\" data-e-type=\"container\">\n\t\t<div class=\"elementor-element elementor-element-6b380704 e-con-full e-flex e-con e-child\" data-id=\"6b380704\" data-element_type=\"container\" data-e-type=\"container\">\n\t\t<div class=\"elementor-element elementor-element-3e6b989d e-con-full e-flex e-con e-child\" data-id=\"3e6b989d\" data-element_type=\"container\" data-e-type=\"container\">\n\t\t\t\t<div class=\"elementor-element elementor-element-63440470 elementor-widget elementor-widget-heading\" data-id=\"63440470\" data-element_type=\"widget\" data-e-type=\"widget\" data-widget_type=\"heading.default\">\n\t\t\t\t\t<h1 class=\"elementor-heading-title elementor-size-default\">Quiropr\u00e0ctica<\/h1>\t\t\t\t<\/div>\n\t\t\t\t<div class=\"elementor-element elementor-element-ba7c933 elementor-widget elementor-widget-heading\" data-id=\"ba7c933\" data-element_type=\"widget\" data-e-type=\"widget\" data-widget_type=\"heading.default\">\n\t\t\t\t\t<div class=\"elementor-heading-title elementor-size-default\">Qu\u00e8 \u00e9s i com et pot ajudar?<\/div>\t\t\t\t<\/div>\n\t\t\t\t<\/div>\n\t\t\t\t<\/div>\n\t\t\t\t<\/div>\n\t\t\t\t\t<\/div>\n\t\t\t\t<\/div>\n\t\t<div class=\"elementor-element elementor-element-c16d13f e-flex e-con-boxed e-con e-parent\" data-id=\"c16d13f\" data-element_type=\"container\" data-e-type=\"container\">\n\t\t\t\t\t<div class=\"e-con-inner\">\n\t\t<div class=\"elementor-element elementor-element-f8d63fd e-con-full e-flex e-con e-child\" data-id=\"f8d63fd\" data-element_type=\"container\" data-e-type=\"container\">\n\t\t\t\t<div class=\"elementor-element elementor-element-9084682 elementor-widget elementor-widget-spacer\" data-id=\"9084682\" data-element_type=\"widget\" data-e-type=\"widget\" data-widget_type=\"spacer.default\">\n\t\t\t\t\t\t\t<div class=\"elementor-spacer\">\n\t\t\t<div class=\"elementor-spacer-inner\"><\/div>\n\t\t<\/div>\n\t\t\t\t\t\t<\/div>\n\t\t\t\t<\/div>\n\t\t<div class=\"elementor-element elementor-element-e5e613b e-con-full e-flex e-con e-child\" data-id=\"e5e613b\" data-element_type=\"container\" data-e-type=\"container\" data-settings=\"{&quot;background_background&quot;:&quot;classic&quot;}\">\n\t\t\t\t<div class=\"elementor-element elementor-element-98d0366 elementor-widget-mobile__width-initial elementor-widget elementor-widget-heading\" data-id=\"98d0366\" data-element_type=\"widget\" data-e-type=\"widget\" data-widget_type=\"heading.default\">\n\t\t\t\t\t<h1 class=\"elementor-heading-title elementor-size-default\">El teu cos \u00e9s com l'aigua.<\/h1>\t\t\t\t<\/div>\n\t\t\t\t<div class=\"elementor-element elementor-element-40623727 elementor-widget elementor-widget-text-editor\" data-id=\"40623727\" data-element_type=\"widget\" data-e-type=\"widget\" data-widget_type=\"text-editor.default\">\n\t\t\t\t\t\t\t\t\t<p class=\"cvGsUA direction-ltr align-start para-style-body\"><span class=\"a_GcMg font-feature-liga-off font-feature-clig-off font-feature-calt-off text-decoration-none text-strikethrough-none\">Es mou, s'adapta, cedeix i resisteix.<\/span><\/p><p class=\"cvGsUA direction-ltr align-start para-style-body\"><span class=\"a_GcMg font-feature-liga-off font-feature-clig-off font-feature-calt-off text-decoration-none text-strikethrough-none\">Canvia amb l'entorn i cerca l\u2019equilibri en silenci, fins i tot quan no n'ets conscient.<\/span><\/p><p class=\"cvGsUA direction-ltr align-start para-style-body\"><span class=\"a_GcMg font-feature-liga-off font-feature-clig-off font-feature-calt-off text-decoration-none text-strikethrough-none\">Dins del cos hi ha una intel\u00b7lig\u00e8ncia naturalment s\u00e0via, el sistema nervi\u00f3s, protegida pel nostre crani i la columna vertebral.<\/span><\/p><p class=\"cvGsUA direction-ltr align-start para-style-body\"><span class=\"a_GcMg font-feature-liga-off font-feature-clig-off font-feature-calt-off text-decoration-none text-strikethrough-none\">Aquest sistema \u00e9s una guia biol\u00f2gica que coordina i regula les funcions del cos, permetent l'adaptaci\u00f3, l'autorregulaci\u00f3 i el manteniment de totes les funcions vitals.<\/span><\/p>\t\t\t\t\t\t\t\t<\/div>\n\t\t\t\t<\/div>\n\t\t\t\t\t<\/div>\n\t\t\t\t<\/div>\n\t\t<div class=\"elementor-element elementor-element-9a1682a e-flex e-con-boxed e-con e-parent\" data-id=\"9a1682a\" data-element_type=\"container\" data-e-type=\"container\">\n\t\t\t\t\t<div class=\"e-con-inner\">\n\t\t<div class=\"elementor-element elementor-element-1d8ebe3 e-con-full e-flex e-con e-child\" data-id=\"1d8ebe3\" data-element_type=\"container\" data-e-type=\"container\">\n\t\t\t\t<div class=\"elementor-element elementor-element-f13a5ee elementor-widget elementor-widget-spacer\" data-id=\"f13a5ee\" data-element_type=\"widget\" data-e-type=\"widget\" data-widget_type=\"spacer.default\">\n\t\t\t\t\t\t\t<div class=\"elementor-spacer\">\n\t\t\t<div class=\"elementor-spacer-inner\"><\/div>\n\t\t<\/div>\n\t\t\t\t\t\t<\/div>\n\t\t\t\t<\/div>\n\t\t<div class=\"elementor-element elementor-element-e5c8781 e-con-full e-flex e-con e-child\" data-id=\"e5c8781\" data-element_type=\"container\" data-e-type=\"container\" data-settings=\"{&quot;background_background&quot;:&quot;classic&quot;}\">\n\t\t\t\t<div class=\"elementor-element elementor-element-ba56435 elementor-widget elementor-widget-heading\" data-id=\"ba56435\" data-element_type=\"widget\" data-e-type=\"widget\" data-widget_type=\"heading.default\">\n\t\t\t\t\t<h1 class=\"elementor-heading-title elementor-size-default\">Com et pot ajudar la quiropr\u00e0ctica?<\/h1>\t\t\t\t<\/div>\n\t\t\t\t<div class=\"elementor-element elementor-element-5f83b60 elementor-widget elementor-widget-text-editor\" data-id=\"5f83b60\" data-element_type=\"widget\" data-e-type=\"widget\" data-widget_type=\"text-editor.default\">\n\t\t\t\t\t\t\t\t\t<p class=\"cvGsUA direction-ltr align-start para-style-body\"><span class=\"a_GcMg font-feature-liga-off font-feature-clig-off font-feature-calt-off text-decoration-none text-strikethrough-none\">Di\u00e0riament, diferents tipus d\u2019estr\u00e8s \u2014f\u00edsic, qu\u00edmic o emocional\u2014 poden alterar el moviment normal de la columna vertebral.<\/span><\/p><p class=\"cvGsUA direction-ltr align-start para-style-body\"><span class=\"a_GcMg font-feature-liga-off font-feature-clig-off font-feature-calt-off text-decoration-none text-strikethrough-none\">Quan certes articulacions perden la seva mobilitat fisiol\u00f2gica, poden produir-se bloquejos (restriccions articulars) que interfereixen en la comunicaci\u00f3 entre el cervell i la resta del cos.<\/span><\/p><p><span class=\"a_GcMg font-feature-liga-off font-feature-clig-off font-feature-calt-off text-decoration-none text-strikethrough-none\">Quan la columna vertebral est\u00e0 lliure d\u2019interfer\u00e8ncies, la informaci\u00f3 flueix m\u00e9s eficientment pel sistema nervi\u00f3s. Com a resultat, la salut s\u2019expressa de manera natural i el teu cos s\u2019adapta millor a l\u2019entorn<\/span><\/p>\t\t\t\t\t\t\t\t<\/div>\n\t\t\t\t<\/div>\n\t\t\t\t\t<\/div>\n\t\t\t\t<\/div>\n\t\t<div class=\"elementor-element elementor-element-5c15298 e-flex e-con-boxed e-con e-parent\" data-id=\"5c15298\" data-element_type=\"container\" data-e-type=\"container\">\n\t\t\t\t\t<div class=\"e-con-inner\">\n\t\t<div class=\"elementor-element elementor-element-87cee84 e-con-full e-flex e-con e-child\" data-id=\"87cee84\" data-element_type=\"container\" data-e-type=\"container\" data-settings=\"{&quot;background_background&quot;:&quot;classic&quot;}\">\n\t\t\t\t<div class=\"elementor-element elementor-element-74f25ef elementor-widget elementor-widget-heading\" data-id=\"74f25ef\" data-element_type=\"widget\" data-e-type=\"widget\" data-widget_type=\"heading.default\">\n\t\t\t\t\t<h1 class=\"elementor-heading-title elementor-size-default\">Aix\u00ed doncs, qu\u00e8 \u00e9s la quiropr\u00e0ctica?<\/h1>\t\t\t\t<\/div>\n\t\t\t\t<div class=\"elementor-element elementor-element-51f6cd4 elementor-widget elementor-widget-text-editor\" data-id=\"51f6cd4\" data-element_type=\"widget\" data-e-type=\"widget\" data-widget_type=\"text-editor.default\">\n\t\t\t\t\t\t\t\t\t<p class=\"cvGsUA direction-ltr align-justify para-style-body\"><span class=\"a_GcMg font-feature-liga-off font-feature-clig-off font-feature-calt-off text-decoration-none text-strikethrough-none\">La quiropr\u00e0ctica es centra en identificar i corregir aquestes disfuncions, amb l\u2019objectiu d\u2019optimitzar la funci\u00f3 del sistema nervi\u00f3s i promoure la capacitat fisiol\u00f2gica natural de l\u2019organisme.<\/span><\/p><p class=\"cvGsUA direction-ltr align-justify para-style-body\"><span class=\"a_GcMg font-feature-liga-off font-feature-clig-off font-feature-calt-off text-decoration-none text-strikethrough-none\">Aquest enfocament es basa en l\u2019estreta relaci\u00f3 entre el sistema nervi\u00f3s, la columna vertebral i la salut, entenent aquesta \u00faltima com un estat de benestar biol\u00f2gic, psicol\u00f2gic i social, tal com la defineix l\u2019Organitzaci\u00f3 Mundial de la Salut.<\/span><\/p>\t\t\t\t\t\t\t\t<\/div>\n\t\t\t\t<\/div>\n\t\t\t\t\t<\/div>\n\t\t\t\t<\/div>\n\t\t<div class=\"elementor-element elementor-element-1a61a65 e-flex e-con-boxed e-con e-parent\" data-id=\"1a61a65\" data-element_type=\"container\" data-e-type=\"container\">\n\t\t\t\t\t<div class=\"e-con-inner\">\n\t\t\t\t<div class=\"elementor-element elementor-element-5cb9b3f elementor-widget elementor-widget-image\" data-id=\"5cb9b3f\" data-element_type=\"widget\" data-e-type=\"widget\" data-widget_type=\"image.default\">\n\t\t\t\t\t\t\t\t\t\t\t\t\t\t\t<img fetchpriority=\"high\" decoding=\"async\" width=\"1810\" height=\"2560\" src=\"https:\/\/niraquiropractica.com\/wp-content\/uploads\/2026\/03\/sis-nervios.png\" class=\"attachment-full size-full wp-image-617\" alt=\"\" srcset=\"https:\/\/niraquiropractica.com\/wp-content\/uploads\/2026\/03\/sis-nervios.png 1414w, https:\/\/niraquiropractica.com\/wp-content\/uploads\/2026\/03\/sis-nervios-212x300.png 212w, https:\/\/niraquiropractica.com\/wp-content\/uploads\/2026\/03\/sis-nervios-724x1024.png 724w, https:\/\/niraquiropractica.com\/wp-content\/uploads\/2026\/03\/sis-nervios-768x1086.png 768w, https:\/\/niraquiropractica.com\/wp-content\/uploads\/2026\/03\/sis-nervios-1086x1536.png 1086w, https:\/\/niraquiropractica.com\/wp-content\/uploads\/2026\/03\/sis-nervios-8x12.png 8w\" sizes=\"(max-width: 1810px) 100vw, 1810px\" \/>\t\t\t\t\t\t\t\t\t\t\t\t\t\t\t<\/div>\n\t\t\t\t\t<\/div>\n\t\t\t\t<\/div>\n\t\t\t\t<\/div>","protected":false},"excerpt":{"rendered":"<p>La Quiropr\u00e1ctica \u00bfQU\u00c9 ES Y C\u00d3MO PUEDE AYUDARTE? Tu cuerpo es como el agua. Se mueve, se adapta, cede y resiste. Cambia con el entorno y, en silencio, busca constantemente el equilibrio, incluso cuando no eres consciente de ello. Dentro del cuerpo hay una inteligencia sabia por naturaleza, el sistema nervioso, protegido por nuestro cr\u00e1neo [&hellip;]<\/p>\n","protected":false},"author":1,"featured_media":0,"parent":0,"menu_order":0,"comment_status":"closed","ping_status":"closed","template":"elementor_header_footer","meta":{"footnotes":""},"class_list":["post-2","page","type-page","status-publish","hentry"],"_links":{"self":[{"href":"https:\/\/niraquiropractica.com\/ca\/wp-json\/wp\/v2\/pages\/2","targetHints":{"allow":["GET"]}}],"collection":[{"href":"https:\/\/niraquiropractica.com\/ca\/wp-json\/wp\/v2\/pages"}],"about":[{"href":"https:\/\/niraquiropractica.com\/ca\/wp-json\/wp\/v2\/types\/page"}],"author":[{"embeddable":true,"href":"https:\/\/niraquiropractica.com\/ca\/wp-json\/wp\/v2\/users\/1"}],"replies":[{"embeddable":true,"href":"https:\/\/niraquiropractica.com\/ca\/wp-json\/wp\/v2\/comments?post=2"}],"version-history":[{"count":56,"href":"https:\/\/niraquiropractica.com\/ca\/wp-json\/wp\/v2\/pages\/2\/revisions"}],"predecessor-version":[{"id":1312,"href":"https:\/\/niraquiropractica.com\/ca\/wp-json\/wp\/v2\/pages\/2\/revisions\/1312"}],"wp:attachment":[{"href":"https:\/\/niraquiropractica.com\/ca\/wp-json\/wp\/v2\/media?parent=2"}],"curies":[{"name":"wp","href":"https:\/\/api.w.org\/{rel}","templated":true}]}}